{"id":47,"date":"2022-09-04T07:56:54","date_gmt":"2022-09-04T07:56:54","guid":{"rendered":"https:\/\/ionicvisage.com\/?page_id=47"},"modified":"2025-04-06T17:38:30","modified_gmt":"2025-04-06T17:38:30","slug":"elektrostimulacija","status":"publish","type":"page","link":"http:\/\/ionicvisage.com\/si\/elektrostimulacija\/","title":{"rendered":"Elektrostimulacija"},"content":{"rendered":"<div data-elementor-type=\"wp-page\" data-elementor-id=\"47\" class=\"elementor elementor-47\">\n\t\t\t\t\t\t<section class=\"elementor-section elementor-top-section elementor-element elementor-element-12882159 elementor-section-height-min-height elementor-section-items-stretch elementor-section-content-middle elementor-section-boxed elementor-section-height-default\" data-id=\"12882159\" data-element_type=\"section\" data-e-type=\"section\" data-settings=\"{&quot;background_background&quot;:&quot;classic&quot;,&quot;shape_divider_bottom&quot;:&quot;waves&quot;,&quot;shape_divider_bottom_negative&quot;:&quot;yes&quot;}\">\n\t\t\t\t\t\t\t<div class=\"elementor-background-overlay\"><\/div>\n\t\t\t\t\t\t<div class=\"elementor-shape elementor-shape-bottom\" aria-hidden=\"true\" data-negative=\"true\">\n\t\t\t<svg xmlns=\"http:\/\/www.w3.org\/2000\/svg\" viewbox=\"0 0 1000 100\" preserveaspectratio=\"none\">\n\t<path class=\"elementor-shape-fill\" d=\"M790.5,93.1c-59.3-5.3-116.8-18-192.6-50c-29.6-12.7-76.9-31-100.5-35.9c-23.6-4.9-52.6-7.8-75.5-5.3\tc-10.2,1.1-22.6,1.4-50.1,7.4c-27.2,6.3-58.2,16.6-79.4,24.7c-41.3,15.9-94.9,21.9-134,22.6C72,58.2,0,25.8,0,25.8V100h1000V65.3\tc0,0-51.5,19.4-106.2,25.7C839.5,97,814.1,95.2,790.5,93.1z\"\/>\n<\/svg>\t\t<\/div>\n\t\t\t\t\t<div class=\"elementor-container elementor-column-gap-default\">\n\t\t\t\t\t<div class=\"elementor-column elementor-col-100 elementor-top-column elementor-element elementor-element-7f746393\" data-id=\"7f746393\" data-element_type=\"column\" data-e-type=\"column\">\n\t\t\t<div class=\"elementor-widget-wrap elementor-element-populated\">\n\t\t\t\t\t\t<div class=\"elementor-element elementor-element-55379b86 elementor-widget elementor-widget-heading\" data-id=\"55379b86\" data-element_type=\"widget\" data-e-type=\"widget\" data-widget_type=\"heading.default\">\n\t\t\t\t<div class=\"elementor-widget-container\">\n\t\t\t\t\t<h1 class=\"elementor-heading-title elementor-size-default\">Elektrostimulacija<\/h1>\t\t\t\t<\/div>\n\t\t\t\t<\/div>\n\t\t\t\t\t<\/div>\n\t\t<\/div>\n\t\t\t\t\t<\/div>\n\t\t<\/section>\n\t\t\t\t<section class=\"elementor-section elementor-top-section elementor-element elementor-element-580a1313 elementor-section-height-min-height elementor-section-boxed elementor-section-height-default elementor-section-items-middle\" data-id=\"580a1313\" data-element_type=\"section\" data-e-type=\"section\">\n\t\t\t\t\t\t<div class=\"elementor-container elementor-column-gap-default\">\n\t\t\t\t\t<div class=\"elementor-column elementor-col-50 elementor-top-column elementor-element elementor-element-54fbef19\" data-id=\"54fbef19\" data-element_type=\"column\" data-e-type=\"column\">\n\t\t\t<div class=\"elementor-widget-wrap elementor-element-populated\">\n\t\t\t\t\t\t<div class=\"elementor-element elementor-element-9b0232d elementor-widget elementor-widget-image\" data-id=\"9b0232d\" data-element_type=\"widget\" data-e-type=\"widget\" data-widget_type=\"image.default\">\n\t\t\t\t<div class=\"elementor-widget-container\">\n\t\t\t\t\t\t\t\t\t\t\t\t\t\t\t\t<a href=\"https:\/\/ionicvisage.com\/wp-content\/uploads\/2024\/03\/ionic-visage-iskustvo-podizanje-lica.jpg\" data-elementor-open-lightbox=\"yes\" data-e-action-hash=\"#elementor-action%3Aaction%3Dlightbox%26settings%3DeyJpZCI6ODUwLCJ1cmwiOiJodHRwczpcL1wvaW9uaWN2aXNhZ2UuY29tXC93cC1jb250ZW50XC91cGxvYWRzXC8yMDI0XC8wM1wvaW9uaWMtdmlzYWdlLWlza3VzdHZvLXBvZGl6YW5qZS1saWNhLmpwZyJ9\">\n\t\t\t\t\t\t\t<img fetchpriority=\"high\" decoding=\"async\" width=\"800\" height=\"533\" src=\"https:\/\/ionicvisage.com\/wp-content\/uploads\/2024\/03\/ionic-visage-iskustvo-podizanje-lica.jpg\" class=\"attachment-large size-large wp-image-850\" alt=\"\" srcset=\"https:\/\/ionicvisage.com\/wp-content\/uploads\/2024\/03\/ionic-visage-iskustvo-podizanje-lica.jpg 1920w, https:\/\/ionicvisage.com\/wp-content\/uploads\/2024\/03\/ionic-visage-iskustvo-podizanje-lica-18x12.jpg 18w\" sizes=\"(max-width: 800px) 100vw, 800px\" \/>\t\t\t\t\t\t\t\t<\/a>\n\t\t\t\t\t\t\t\t\t\t\t\t\t\t\t<\/div>\n\t\t\t\t<\/div>\n\t\t\t\t\t<\/div>\n\t\t<\/div>\n\t\t\t\t<div class=\"elementor-column elementor-col-50 elementor-top-column elementor-element elementor-element-1282b27b\" data-id=\"1282b27b\" data-element_type=\"column\" data-e-type=\"column\">\n\t\t\t<div class=\"elementor-widget-wrap elementor-element-populated\">\n\t\t\t\t\t\t<div class=\"elementor-element elementor-element-152abb47 elementor-widget elementor-widget-text-editor\" data-id=\"152abb47\" data-element_type=\"widget\" data-e-type=\"widget\" data-widget_type=\"text-editor.default\">\n\t\t\t\t<div class=\"elementor-widget-container\">\n\t\t\t\t\t\t\t\t\t<p class=\"translation-block\">Elektrostimulacija obraznih mi\u0161ic se \u017ee dolgo uporablja pri rehabilitaciji bolnikov po paralizi obraza.<\/p><p>Te\u017eava je v tem, da potekajo \u017eivci, ki prena\u0161ajo signale zobnih \u017eivcev, v neposredni bli\u017eini stimuliranih mi\u0161ic. Zato so se mnogi odrekli elektrostimulaciji za lepoto obraza, saj niso \u017eeleli trpeti bole\u010din, podobnih zobobolu.<\/p><p>Na\u0161a metoda se <strong>bitno razlikuje<\/strong> od ostalih koje se sada primjenjuju na tr\u017ei\u0161tu. Mi elektrostimulaciju lica izvodimo pomo\u0107u <strong>posebnog elektrodnog sustava<\/strong> i generatora impulsa elektrostimulatora. Mi koristimo dva elektrostimulatora &#8211; jedan za desnu te drugi za lijevu stranu, \u0161to\u00a0omogu\u0107uje <strong>precizno pode\u0161avanje terapije<\/strong>.<\/p>\t\t\t\t\t\t\t\t<\/div>\n\t\t\t\t<\/div>\n\t\t\t\t\t<\/div>\n\t\t<\/div>\n\t\t\t\t\t<\/div>\n\t\t<\/section>\n\t\t\t\t<section class=\"elementor-section elementor-top-section elementor-element elementor-element-bed63c3 elementor-section-height-min-height elementor-section-boxed elementor-section-height-default elementor-section-items-middle\" data-id=\"bed63c3\" data-element_type=\"section\" data-e-type=\"section\">\n\t\t\t\t\t\t<div class=\"elementor-container elementor-column-gap-default\">\n\t\t\t\t\t<div class=\"elementor-column elementor-col-50 elementor-top-column elementor-element elementor-element-fc8eda5\" data-id=\"fc8eda5\" data-element_type=\"column\" data-e-type=\"column\">\n\t\t\t<div class=\"elementor-widget-wrap elementor-element-populated\">\n\t\t\t\t\t\t<div class=\"elementor-element elementor-element-9ec16bf elementor-widget elementor-widget-text-editor\" data-id=\"9ec16bf\" data-element_type=\"widget\" data-e-type=\"widget\" data-widget_type=\"text-editor.default\">\n\t\t\t\t<div class=\"elementor-widget-container\">\n\t\t\t\t\t\t\t\t\t<p class=\"translation-block\">Z uporabo dveh elektri\u010dnih polj se ustvari visoko u\u010dinkovito elektrostimulacijsko obmo\u010dje brez ob\u010dutka bole\u010dine. Niti ena metoda ni uporabljena kot na\u0161a pri bolnikih s cerebralno paralizo, po mo\u017eganski kapi in pri nevrodegenerativnih boleznih. Elektrostimulirali smo tudi bolnike z epilepsijo in epilepti\u010dno encefalopatijo. Nikoli nismo imeli primera refleksnega epilepti\u010dnega napada. Na\u0161a metoda zagotavlja maksimalno varnost brez stranskih u\u010dinkov.<\/p><p>Mi primjenjujemo <strong>stereodinamsku elektrostimulaciju<\/strong> \u010diji je princip da zona elektrostimulacije kru\u017ei kroz <strong>\u017eeljenu anatomiju elektrostimulacije<\/strong>.<\/p>\t\t\t\t\t\t\t\t<\/div>\n\t\t\t\t<\/div>\n\t\t\t\t\t<\/div>\n\t\t<\/div>\n\t\t\t\t<div class=\"elementor-column elementor-col-50 elementor-top-column elementor-element elementor-element-4aca050\" data-id=\"4aca050\" data-element_type=\"column\" data-e-type=\"column\">\n\t\t\t<div class=\"elementor-widget-wrap elementor-element-populated\">\n\t\t\t\t\t\t<div class=\"elementor-element elementor-element-17085b3 elementor-widget elementor-widget-image\" data-id=\"17085b3\" data-element_type=\"widget\" data-e-type=\"widget\" data-widget_type=\"image.default\">\n\t\t\t\t<div class=\"elementor-widget-container\">\n\t\t\t\t\t\t\t\t\t\t\t\t\t\t\t\t<a href=\"https:\/\/ionicvisage.com\/wp-content\/uploads\/2024\/03\/ionic-visage-podizanje-lica-za-muskarce.jpg\" data-elementor-open-lightbox=\"yes\" data-e-action-hash=\"#elementor-action%3Aaction%3Dlightbox%26settings%3DeyJpZCI6ODM1LCJ1cmwiOiJodHRwczpcL1wvaW9uaWN2aXNhZ2UuY29tXC93cC1jb250ZW50XC91cGxvYWRzXC8yMDI0XC8wM1wvaW9uaWMtdmlzYWdlLXBvZGl6YW5qZS1saWNhLXphLW11c2thcmNlLmpwZyJ9\">\n\t\t\t\t\t\t\t<img decoding=\"async\" width=\"800\" height=\"533\" src=\"https:\/\/ionicvisage.com\/wp-content\/uploads\/2024\/03\/ionic-visage-podizanje-lica-za-muskarce.jpg\" class=\"attachment-large size-large wp-image-835\" alt=\"\" srcset=\"https:\/\/ionicvisage.com\/wp-content\/uploads\/2024\/03\/ionic-visage-podizanje-lica-za-muskarce.jpg 1920w, https:\/\/ionicvisage.com\/wp-content\/uploads\/2024\/03\/ionic-visage-podizanje-lica-za-muskarce-18x12.jpg 18w\" sizes=\"(max-width: 800px) 100vw, 800px\" \/>\t\t\t\t\t\t\t\t<\/a>\n\t\t\t\t\t\t\t\t\t\t\t\t\t\t\t<\/div>\n\t\t\t\t<\/div>\n\t\t\t\t\t<\/div>\n\t\t<\/div>\n\t\t\t\t\t<\/div>\n\t\t<\/section>\n\t\t\t\t<section class=\"elementor-section elementor-top-section elementor-element elementor-element-106b2934 elementor-section-boxed elementor-section-height-default elementor-section-height-default\" data-id=\"106b2934\" data-element_type=\"section\" data-e-type=\"section\" data-settings=\"{&quot;background_background&quot;:&quot;gradient&quot;,&quot;shape_divider_top&quot;:&quot;waves&quot;,&quot;shape_divider_top_negative&quot;:&quot;yes&quot;}\">\n\t\t\t\t\t<div class=\"elementor-shape elementor-shape-top\" aria-hidden=\"true\" data-negative=\"true\">\n\t\t\t<svg xmlns=\"http:\/\/www.w3.org\/2000\/svg\" viewbox=\"0 0 1000 100\" preserveaspectratio=\"none\">\n\t<path class=\"elementor-shape-fill\" d=\"M790.5,93.1c-59.3-5.3-116.8-18-192.6-50c-29.6-12.7-76.9-31-100.5-35.9c-23.6-4.9-52.6-7.8-75.5-5.3\tc-10.2,1.1-22.6,1.4-50.1,7.4c-27.2,6.3-58.2,16.6-79.4,24.7c-41.3,15.9-94.9,21.9-134,22.6C72,58.2,0,25.8,0,25.8V100h1000V65.3\tc0,0-51.5,19.4-106.2,25.7C839.5,97,814.1,95.2,790.5,93.1z\"\/>\n<\/svg>\t\t<\/div>\n\t\t\t\t\t<div class=\"elementor-container elementor-column-gap-default\">\n\t\t\t\t\t<div class=\"elementor-column elementor-col-100 elementor-top-column elementor-element elementor-element-cbbf8e3\" data-id=\"cbbf8e3\" data-element_type=\"column\" data-e-type=\"column\">\n\t\t\t<div class=\"elementor-widget-wrap elementor-element-populated\">\n\t\t\t\t\t\t<div class=\"elementor-element elementor-element-10630761 elementor-widget elementor-widget-heading\" data-id=\"10630761\" data-element_type=\"widget\" data-e-type=\"widget\" data-widget_type=\"heading.default\">\n\t\t\t\t<div class=\"elementor-widget-container\">\n\t\t\t\t\t<h4 class=\"elementor-heading-title elementor-size-default\">Z elektrostimulacijo krepimo zdrave mi\u0161ice, s tem napnemo ko\u017eo nad njimi in po naravni poti dose\u017eemo popoln mladosten videz.<\/h4>\t\t\t\t<\/div>\n\t\t\t\t<\/div>\n\t\t\t\t<div class=\"elementor-element elementor-element-57cee11d elementor-widget elementor-widget-heading\" data-id=\"57cee11d\" data-element_type=\"widget\" data-e-type=\"widget\" data-widget_type=\"heading.default\">\n\t\t\t\t<div class=\"elementor-widget-container\">\n\t\t\t\t\t<h4 class=\"elementor-heading-title elementor-size-default\">Rezervirajte si svoj termin \u0161e danes!<\/h4>\t\t\t\t<\/div>\n\t\t\t\t<\/div>\n\t\t\t\t<div class=\"elementor-element elementor-element-332543cf elementor-align-center elementor-widget elementor-widget-button\" data-id=\"332543cf\" data-element_type=\"widget\" data-e-type=\"widget\" data-widget_type=\"button.default\">\n\t\t\t\t<div class=\"elementor-widget-container\">\n\t\t\t\t\t\t\t\t\t<div class=\"elementor-button-wrapper\">\n\t\t\t\t\t<a class=\"elementor-button elementor-button-link elementor-size-sm\" href=\"https:\/\/ionicvisage.com\/si\/kontakt\/\">\n\t\t\t\t\t\t<span class=\"elementor-button-content-wrapper\">\n\t\t\t\t\t\t\t\t\t<span class=\"elementor-button-text\">Kontaktiraj nas<\/span>\n\t\t\t\t\t<\/span>\n\t\t\t\t\t<\/a>\n\t\t\t\t<\/div>\n\t\t\t\t\t\t\t\t<\/div>\n\t\t\t\t<\/div>\n\t\t\t\t\t<\/div>\n\t\t<\/div>\n\t\t\t\t\t<\/div>\n\t\t<\/section>\n\t\t\t\t<\/div>","protected":false},"excerpt":{"rendered":"<p>Elektrostimulacija Elektrostimulacija mi\u0161i\u0107a lica se ve\u0107 dugo primjenjuje u rehabilitaciji bolesnika poslije paralize lica. Problem je \u0161to u neposrednoj blizini stimuliranih mi\u0161i\u0107a prolaze \u017eivci koji prenose signale zubnih \u017eivaca. Zato su mnogi odustali od elektrostimulacije u svrhu ljepote lica ne \u017eele\u0107i trpjeti bolne osjete sli\u010dne zubobolji. Na\u0161a metoda se bitno razlikuje od ostalih koje se [&hellip;]<\/p>","protected":false},"author":1,"featured_media":0,"parent":0,"menu_order":0,"comment_status":"closed","ping_status":"closed","template":"elementor_header_footer","meta":{"footnotes":""},"class_list":["post-47","page","type-page","status-publish","hentry"],"_links":{"self":[{"href":"http:\/\/ionicvisage.com\/si\/wp-json\/wp\/v2\/pages\/47","targetHints":{"allow":["GET"]}}],"collection":[{"href":"http:\/\/ionicvisage.com\/si\/wp-json\/wp\/v2\/pages"}],"about":[{"href":"http:\/\/ionicvisage.com\/si\/wp-json\/wp\/v2\/types\/page"}],"author":[{"embeddable":true,"href":"http:\/\/ionicvisage.com\/si\/wp-json\/wp\/v2\/users\/1"}],"replies":[{"embeddable":true,"href":"http:\/\/ionicvisage.com\/si\/wp-json\/wp\/v2\/comments?post=47"}],"version-history":[{"count":47,"href":"http:\/\/ionicvisage.com\/si\/wp-json\/wp\/v2\/pages\/47\/revisions"}],"predecessor-version":[{"id":1161,"href":"http:\/\/ionicvisage.com\/si\/wp-json\/wp\/v2\/pages\/47\/revisions\/1161"}],"wp:attachment":[{"href":"http:\/\/ionicvisage.com\/si\/wp-json\/wp\/v2\/media?parent=47"}],"curies":[{"name":"wp","href":"https:\/\/api.w.org\/{rel}","templated":true}]}}