{"id":57,"date":"2022-09-04T07:59:49","date_gmt":"2022-09-04T07:59:49","guid":{"rendered":"https:\/\/ionicvisage.com\/?page_id=57"},"modified":"2025-01-12T11:10:08","modified_gmt":"2025-01-12T11:10:08","slug":"zeljka-vujnovic","status":"publish","type":"page","link":"http:\/\/ionicvisage.com\/si\/zeljka-vujnovic\/","title":{"rendered":"\u017deljka Vujnovi\u0107"},"content":{"rendered":"<div data-elementor-type=\"wp-page\" data-elementor-id=\"57\" class=\"elementor elementor-57\">\n\t\t\t\t\t\t<section class=\"elementor-section elementor-top-section elementor-element elementor-element-718dbf7d elementor-section-height-min-height elementor-section-items-stretch elementor-section-content-middle elementor-section-boxed elementor-section-height-default\" data-id=\"718dbf7d\" data-element_type=\"section\" data-e-type=\"section\" data-settings=\"{&quot;background_background&quot;:&quot;classic&quot;,&quot;shape_divider_bottom&quot;:&quot;waves&quot;,&quot;shape_divider_bottom_negative&quot;:&quot;yes&quot;}\">\n\t\t\t\t\t\t\t<div class=\"elementor-background-overlay\"><\/div>\n\t\t\t\t\t\t<div class=\"elementor-shape elementor-shape-bottom\" aria-hidden=\"true\" data-negative=\"true\">\n\t\t\t<svg xmlns=\"http:\/\/www.w3.org\/2000\/svg\" viewbox=\"0 0 1000 100\" preserveaspectratio=\"none\">\n\t<path class=\"elementor-shape-fill\" d=\"M790.5,93.1c-59.3-5.3-116.8-18-192.6-50c-29.6-12.7-76.9-31-100.5-35.9c-23.6-4.9-52.6-7.8-75.5-5.3\tc-10.2,1.1-22.6,1.4-50.1,7.4c-27.2,6.3-58.2,16.6-79.4,24.7c-41.3,15.9-94.9,21.9-134,22.6C72,58.2,0,25.8,0,25.8V100h1000V65.3\tc0,0-51.5,19.4-106.2,25.7C839.5,97,814.1,95.2,790.5,93.1z\"\/>\n<\/svg>\t\t<\/div>\n\t\t\t\t\t<div class=\"elementor-container elementor-column-gap-default\">\n\t\t\t\t\t<div class=\"elementor-column elementor-col-100 elementor-top-column elementor-element elementor-element-701dfec3\" data-id=\"701dfec3\" data-element_type=\"column\" data-e-type=\"column\">\n\t\t\t<div class=\"elementor-widget-wrap elementor-element-populated\">\n\t\t\t\t\t\t<div class=\"elementor-element elementor-element-9b5d06d elementor-widget elementor-widget-heading\" data-id=\"9b5d06d\" data-element_type=\"widget\" data-e-type=\"widget\" data-widget_type=\"heading.default\">\n\t\t\t\t<div class=\"elementor-widget-container\">\n\t\t\t\t\t<h1 class=\"elementor-heading-title elementor-size-default\">\u017deljka Vujnovi\u0107<\/h1>\t\t\t\t<\/div>\n\t\t\t\t<\/div>\n\t\t\t\t<div class=\"elementor-element elementor-element-3a48d884 elementor-widget elementor-widget-heading\" data-id=\"3a48d884\" data-element_type=\"widget\" data-e-type=\"widget\" data-widget_type=\"heading.default\">\n\t\t\t\t<div class=\"elementor-widget-container\">\n\t\t\t\t\t<h5 class=\"elementor-heading-title elementor-size-default\">je logopedinja in diplomirana medicinska sestra z 22-letnimi izku\u0161njami<\/h5>\t\t\t\t<\/div>\n\t\t\t\t<\/div>\n\t\t\t\t\t<\/div>\n\t\t<\/div>\n\t\t\t\t\t<\/div>\n\t\t<\/section>\n\t\t\t\t<section class=\"elementor-section elementor-top-section elementor-element elementor-element-4ccff0da elementor-section-height-min-height elementor-section-items-top elementor-section-boxed elementor-section-height-default\" data-id=\"4ccff0da\" data-element_type=\"section\" data-e-type=\"section\">\n\t\t\t\t\t\t<div class=\"elementor-container elementor-column-gap-default\">\n\t\t\t\t\t<div class=\"elementor-column elementor-col-33 elementor-top-column elementor-element elementor-element-533b0ed9\" data-id=\"533b0ed9\" data-element_type=\"column\" data-e-type=\"column\">\n\t\t\t<div class=\"elementor-widget-wrap elementor-element-populated\">\n\t\t\t\t\t\t<div class=\"elementor-element elementor-element-d3abc49 elementor-widget elementor-widget-image\" data-id=\"d3abc49\" data-element_type=\"widget\" data-e-type=\"widget\" data-widget_type=\"image.default\">\n\t\t\t\t<div class=\"elementor-widget-container\">\n\t\t\t\t\t\t\t\t\t\t\t\t\t\t\t<img fetchpriority=\"high\" decoding=\"async\" width=\"492\" height=\"498\" src=\"https:\/\/ionicvisage.com\/wp-content\/uploads\/2022\/12\/Portret4.jpg\" class=\"attachment-full size-full wp-image-535\" alt=\"\" srcset=\"https:\/\/ionicvisage.com\/wp-content\/uploads\/2022\/12\/Portret4.jpg 492w, https:\/\/ionicvisage.com\/wp-content\/uploads\/2022\/12\/Portret4-12x12.jpg 12w\" sizes=\"(max-width: 492px) 100vw, 492px\" \/>\t\t\t\t\t\t\t\t\t\t\t\t\t\t\t<\/div>\n\t\t\t\t<\/div>\n\t\t\t\t\t<\/div>\n\t\t<\/div>\n\t\t\t\t<div class=\"elementor-column elementor-col-66 elementor-top-column elementor-element elementor-element-37fe6998\" data-id=\"37fe6998\" data-element_type=\"column\" data-e-type=\"column\">\n\t\t\t<div class=\"elementor-widget-wrap elementor-element-populated\">\n\t\t\t\t\t\t<div class=\"elementor-element elementor-element-2d8f6d3a elementor-widget elementor-widget-text-editor\" data-id=\"2d8f6d3a\" data-element_type=\"widget\" data-e-type=\"widget\" data-widget_type=\"text-editor.default\">\n\t\t\t\t<div class=\"elementor-widget-container\">\n\t\t\t\t\t\t\t\t\t<p>Po kon\u010dani srednji medicinski \u0161oli se je vpisala na Edukacijsko-rehabilitacijsko fakulteto Univerze v Zagrebu. Diplomirala je leta 2000 in pridobila naziv mag. logoped. Prakso je opravila v Centru za izobra\u017eevanje Dubrava, od leta 2006 pa je bila zaposlena na O\u0160 Grabrik v Karlovcu kot \u0161olska logopedinja. Od leta 2009 do 2011 je bila zaposlena v Referen\u010dnem centru za elektrostimulacijo srca Ministrstva za zdravje Republike Hrva\u0161ke v Univerzitetnem klini\u010dnem centru KBC Sestre Milosrdnice.<\/p><p>Logopedski kabinet je ustanovila leta 2011 z namenom izvajanja specialnih logopedskih diagnosti\u010dnih metod in terapij. V logopedsko prakso na Hrva\u0161kem je uvedla ultrazvo\u010dno diagnostiko in \u0161tevilne logopedske elektroterape vtske metode za rehabilitacijo po\u017eiranja in govora pri najte\u017ejih bolnikih. Je \u010dlanica Evropskega zdru\u017eenja za motnje po\u017eiranja (European Society for Swallowing Disorders). Pri uporabi novih metod dosega vrhunske rezultate, Njena znanstvena dela so dostopna na Linked In profilu <a href=\"http:\/\/www.linkedin.com\/in\/\u017eeljka-vujnovi\u0107-374439262\" target=\"_blank\" rel=\"noopener\"><span style=\"color: rgba(0, 0, 0, 0.6); font-family: -apple-system, system-ui, BlinkMacSystemFont, 'Segoe UI', Roboto, 'Helvetica Neue', 'Fira Sans', Ubuntu, Oxygen, 'Oxygen Sans', Cantarell, 'Droid Sans', 'Apple Color Emoji', 'Segoe UI Emoji', 'Segoe UI Emoji', 'Segoe UI Symbol', 'Lucida Grande', Helvetica, Arial, sans-serif; font-size: 14px; font-weight: var( --e-global-typography-text-font-weight ); background-color: var( --e-global-color-370d3d1 );\">www.linkedin.com\/in\/\u017eeljka-vujnovi\u0107-374439262<\/span><\/a><\/p><p><span style=\"color: var( --e-global-color-text ); font-family: var( --e-global-typography-text-font-family ), Sans-serif; font-weight: var( --e-global-typography-text-font-weight ); background-color: var( --e-global-color-370d3d1 );\">Po dolgoletnih izku\u0161njah na podro\u010dju elektroterapije obraznih mi\u0161ic pri najte\u017ejih bolnikih je ustanovila center Ionic Visage z namenom uporabe naprednih sistemov za elektrostimulacijo kot terapijo s ciljem doseganja mladostnega videza.<\/span><\/p>\t\t\t\t\t\t\t\t<\/div>\n\t\t\t\t<\/div>\n\t\t\t\t\t<\/div>\n\t\t<\/div>\n\t\t\t\t\t<\/div>\n\t\t<\/section>\n\t\t\t\t<section class=\"elementor-section elementor-top-section elementor-element elementor-element-78b70659 elementor-section-boxed elementor-section-height-default elementor-section-height-default\" data-id=\"78b70659\" data-element_type=\"section\" data-e-type=\"section\" data-settings=\"{&quot;background_background&quot;:&quot;gradient&quot;,&quot;shape_divider_top&quot;:&quot;waves&quot;,&quot;shape_divider_top_negative&quot;:&quot;yes&quot;}\">\n\t\t\t\t\t<div class=\"elementor-shape elementor-shape-top\" aria-hidden=\"true\" data-negative=\"true\">\n\t\t\t<svg xmlns=\"http:\/\/www.w3.org\/2000\/svg\" viewbox=\"0 0 1000 100\" preserveaspectratio=\"none\">\n\t<path class=\"elementor-shape-fill\" d=\"M790.5,93.1c-59.3-5.3-116.8-18-192.6-50c-29.6-12.7-76.9-31-100.5-35.9c-23.6-4.9-52.6-7.8-75.5-5.3\tc-10.2,1.1-22.6,1.4-50.1,7.4c-27.2,6.3-58.2,16.6-79.4,24.7c-41.3,15.9-94.9,21.9-134,22.6C72,58.2,0,25.8,0,25.8V100h1000V65.3\tc0,0-51.5,19.4-106.2,25.7C839.5,97,814.1,95.2,790.5,93.1z\"\/>\n<\/svg>\t\t<\/div>\n\t\t\t\t\t<div class=\"elementor-container elementor-column-gap-default\">\n\t\t\t\t\t<div class=\"elementor-column elementor-col-100 elementor-top-column elementor-element elementor-element-777d6287\" data-id=\"777d6287\" data-element_type=\"column\" data-e-type=\"column\">\n\t\t\t<div class=\"elementor-widget-wrap elementor-element-populated\">\n\t\t\t\t\t\t<div class=\"elementor-element elementor-element-79f216e9 elementor-widget elementor-widget-heading\" data-id=\"79f216e9\" data-element_type=\"widget\" data-e-type=\"widget\" data-widget_type=\"heading.default\">\n\t\t\t\t<div class=\"elementor-widget-container\">\n\t\t\t\t\t<h4 class=\"elementor-heading-title elementor-size-default\">Z elektrostimulacijo krepimo zdrave mi\u0161ice, s tem napnemo ko\u017eo nad njimi in po naravni poti dose\u017eemo popoln mladosten videz.<\/h4>\t\t\t\t<\/div>\n\t\t\t\t<\/div>\n\t\t\t\t<div class=\"elementor-element elementor-element-5b7655f9 elementor-widget elementor-widget-heading\" data-id=\"5b7655f9\" data-element_type=\"widget\" data-e-type=\"widget\" data-widget_type=\"heading.default\">\n\t\t\t\t<div class=\"elementor-widget-container\">\n\t\t\t\t\t<h4 class=\"elementor-heading-title elementor-size-default\">Rezervirajte si svoj termin \u0161e danes!<\/h4>\t\t\t\t<\/div>\n\t\t\t\t<\/div>\n\t\t\t\t<div class=\"elementor-element elementor-element-163e9490 elementor-align-center elementor-widget elementor-widget-button\" data-id=\"163e9490\" data-element_type=\"widget\" data-e-type=\"widget\" data-widget_type=\"button.default\">\n\t\t\t\t<div class=\"elementor-widget-container\">\n\t\t\t\t\t\t\t\t\t<div class=\"elementor-button-wrapper\">\n\t\t\t\t\t<a class=\"elementor-button elementor-button-link elementor-size-sm\" href=\"https:\/\/ionicvisage.com\/si\/kontakt\/\">\n\t\t\t\t\t\t<span class=\"elementor-button-content-wrapper\">\n\t\t\t\t\t\t\t\t\t<span class=\"elementor-button-text\">Kontaktiraj nas<\/span>\n\t\t\t\t\t<\/span>\n\t\t\t\t\t<\/a>\n\t\t\t\t<\/div>\n\t\t\t\t\t\t\t\t<\/div>\n\t\t\t\t<\/div>\n\t\t\t\t\t<\/div>\n\t\t<\/div>\n\t\t\t\t\t<\/div>\n\t\t<\/section>\n\t\t\t\t<\/div>","protected":false},"excerpt":{"rendered":"<p>\u017deljka Vujnovi\u0107 mag.logoped. i licencirana medicinska sestra s 24 godine iskustva Nakon zavr\u0161ene srednje medicinske \u0161kole, upisuje Edukacijsko-rehabilitacijski fakultet Sveu\u010dili\u0161ta u Zagrebu. Diplomirala je 2000. godine, te stje\u010de zvanje mag. logoped. Sta\u017eirala je u Centru za odgoj i obrazovanje Dubrava, a od 2006. je zaposlenik O\u0160 Grabrik u Karlovcu u funkciji \u0161kolskog logopeda. Od 2009. [&hellip;]<\/p>","protected":false},"author":1,"featured_media":0,"parent":0,"menu_order":0,"comment_status":"closed","ping_status":"closed","template":"","meta":{"footnotes":""},"class_list":["post-57","page","type-page","status-publish","hentry"],"_links":{"self":[{"href":"http:\/\/ionicvisage.com\/si\/wp-json\/wp\/v2\/pages\/57","targetHints":{"allow":["GET"]}}],"collection":[{"href":"http:\/\/ionicvisage.com\/si\/wp-json\/wp\/v2\/pages"}],"about":[{"href":"http:\/\/ionicvisage.com\/si\/wp-json\/wp\/v2\/types\/page"}],"author":[{"embeddable":true,"href":"http:\/\/ionicvisage.com\/si\/wp-json\/wp\/v2\/users\/1"}],"replies":[{"embeddable":true,"href":"http:\/\/ionicvisage.com\/si\/wp-json\/wp\/v2\/comments?post=57"}],"version-history":[{"count":51,"href":"http:\/\/ionicvisage.com\/si\/wp-json\/wp\/v2\/pages\/57\/revisions"}],"predecessor-version":[{"id":1064,"href":"http:\/\/ionicvisage.com\/si\/wp-json\/wp\/v2\/pages\/57\/revisions\/1064"}],"wp:attachment":[{"href":"http:\/\/ionicvisage.com\/si\/wp-json\/wp\/v2\/media?parent=57"}],"curies":[{"name":"wp","href":"https:\/\/api.w.org\/{rel}","templated":true}]}}