{"id":3,"date":"2022-08-24T19:36:32","date_gmt":"2022-08-24T19:36:32","guid":{"rendered":"http:\/\/ionicvisage.com\/?page_id=3"},"modified":"2024-03-17T21:43:25","modified_gmt":"2024-03-17T21:43:25","slug":"pravila-privatnosti","status":"publish","type":"page","link":"https:\/\/ionicvisage.com\/hr\/pravila-privatnosti\/","title":{"rendered":"Pravila privatnosti"},"content":{"rendered":"\t\t<div data-elementor-type=\"wp-page\" data-elementor-id=\"3\" class=\"elementor elementor-3\">\n\t\t\t\t\t\t<section class=\"elementor-section elementor-top-section elementor-element elementor-element-499029fe elementor-section-height-min-height elementor-section-items-stretch elementor-section-content-middle elementor-section-boxed elementor-section-height-default\" data-id=\"499029fe\" data-element_type=\"section\" data-e-type=\"section\" data-settings=\"{&quot;background_background&quot;:&quot;classic&quot;,&quot;shape_divider_bottom&quot;:&quot;waves&quot;,&quot;shape_divider_bottom_negative&quot;:&quot;yes&quot;}\">\n\t\t\t\t\t\t\t<div class=\"elementor-background-overlay\"><\/div>\n\t\t\t\t\t\t<div class=\"elementor-shape elementor-shape-bottom\" aria-hidden=\"true\" data-negative=\"true\">\n\t\t\t<svg xmlns=\"http:\/\/www.w3.org\/2000\/svg\" viewBox=\"0 0 1000 100\" preserveAspectRatio=\"none\">\n\t<path class=\"elementor-shape-fill\" d=\"M790.5,93.1c-59.3-5.3-116.8-18-192.6-50c-29.6-12.7-76.9-31-100.5-35.9c-23.6-4.9-52.6-7.8-75.5-5.3\n\tc-10.2,1.1-22.6,1.4-50.1,7.4c-27.2,6.3-58.2,16.6-79.4,24.7c-41.3,15.9-94.9,21.9-134,22.6C72,58.2,0,25.8,0,25.8V100h1000V65.3\n\tc0,0-51.5,19.4-106.2,25.7C839.5,97,814.1,95.2,790.5,93.1z\"\/>\n<\/svg>\t\t<\/div>\n\t\t\t\t\t<div class=\"elementor-container elementor-column-gap-default\">\n\t\t\t\t\t<div class=\"elementor-column elementor-col-100 elementor-top-column elementor-element elementor-element-47257c6b\" data-id=\"47257c6b\" data-element_type=\"column\" data-e-type=\"column\">\n\t\t\t<div class=\"elementor-widget-wrap elementor-element-populated\">\n\t\t\t\t\t\t<div class=\"elementor-element elementor-element-fa28d69 elementor-widget elementor-widget-heading\" data-id=\"fa28d69\" data-element_type=\"widget\" data-e-type=\"widget\" data-widget_type=\"heading.default\">\n\t\t\t\t<div class=\"elementor-widget-container\">\n\t\t\t\t\t<h1 class=\"elementor-heading-title elementor-size-default\">Ionic Visage\u2122<\/h1>\t\t\t\t<\/div>\n\t\t\t\t<\/div>\n\t\t\t\t\t<\/div>\n\t\t<\/div>\n\t\t\t\t\t<\/div>\n\t\t<\/section>\n\t\t\t\t<section class=\"elementor-section elementor-top-section elementor-element elementor-element-5b8d69cf elementor-section-height-min-height elementor-section-boxed elementor-section-height-default elementor-section-items-middle\" data-id=\"5b8d69cf\" data-element_type=\"section\" data-e-type=\"section\">\n\t\t\t\t\t\t<div class=\"elementor-container elementor-column-gap-default\">\n\t\t\t\t\t<div class=\"elementor-column elementor-col-100 elementor-top-column elementor-element elementor-element-75a14114\" data-id=\"75a14114\" data-element_type=\"column\" data-e-type=\"column\">\n\t\t\t<div class=\"elementor-widget-wrap elementor-element-populated\">\n\t\t\t\t\t\t<div class=\"elementor-element elementor-element-51601692 elementor-widget elementor-widget-text-editor\" data-id=\"51601692\" data-element_type=\"widget\" data-e-type=\"widget\" data-widget_type=\"text-editor.default\">\n\t\t\t\t<div class=\"elementor-widget-container\">\n\t\t\t\t\t\t\t\t\t<p class=\"p1\">Kraljev govor j.d.o.o., Bistranska 15a, 10000 Zagreb, OIB: 03199536204, sukladno odredbama \u010dl. 7. Zakona o za\u0161titi osobnih podataka (Narodne novine, br. 106\/12. \u2013 pro\u010di\u0161\u0107eni tekst) te odredbama \u010dl. 7. Uredbe (EU) 2016\/679 Europskog Parlamenta i Vije\u0107a od 27. travnja 2016. o za\u0161titi pojedinaca u vezi s obradom osobnih podataka i o slobodnom kretanju takvih podataka te o stavljanju izvan snage Direktive 95\/46\/EZ (Op\u0107a uredba o za\u0161titi podataka) obavje\u0161tava sve korisnike na\u0161ih usluga da se odnosu na obradu osobnih podataka donosi<\/p>\n<p class=\"p1\"><b>Izjava o privatnosti<\/b><\/p>\n<p class=\"p1\"><b>Vrijedi od svibnja 2018.<\/b><\/p>\n<p class=\"p1\">Kori\u0161tenjem usluga u na\u0161em studiju Ionic Visage za elektrostimulaciju lica povjeravate<span class=\"Apple-converted-space\">\u00a0 <\/span>nam svoje podatke. Ovom izjavom Vas informiramo koje Va\u0161e osobne podatke prikupljamo, na koji ih na\u010din obra\u0111ujemo te u koje ih svrhe upotrebljavamo, kao i Va\u0161a prava povezana s Va\u0161im podacima.<\/p>\n<p class=\"p1\">Svi zahtjevi u vezi Va\u0161ih osobnih podataka dostavljaju se na adresu elektroni\u010dke po\u0161te: info@ionicvisage.com ili po\u0161tom na adresu Kraljev govor. j.d.o.o. Bistranska 15a, 10000 Zagreb<\/p>\n<p class=\"p1\"><b>Vrste osobnih podataka<\/b><\/p>\n<p class=\"p1\">Upotrebljavamo sljede\u0107e osobne podatke:<\/p>\n<p class=\"p1\">a) Va\u0161e temeljne osobne podatke:<\/p>\n<p class=\"p1\">ime i prezime, godine starosti i spol<\/p>\n<p class=\"p1\">b) osobne podatke koji se odnose na pla\u0107anje usluge:<\/p>\n<p class=\"p1\">&#8211; podatke o Va\u0161em bankovnom ra\u010dunu ako pla\u0107ate virmanom ili bankovnom karticom;<\/p>\n<p class=\"p1\">&#8211; podatke o Va\u0161oj kreditnoj kartici ako pla\u0107ate kreditnom karticom.<\/p>\n<p class=\"p1\">&#8211; podatke o tvrtki ako zatra\u017eite R1 ra\u010dun za na\u0161u uslugu.<\/p>\n<p class=\"p1\">c) podatke za kontakt<\/p>\n<p class=\"p1\">Primarno se kontakt ostvaruje kontaktnim formularom na\u0161e web stranice, ali je tako\u0111er mogu\u0107 e-mail-om i telefonom odnosno mobitelom u svrhu dogovora i ugovaranja termina.<span class=\"Apple-converted-space\">\u00a0<\/span><\/p>\n<p class=\"p1\"><b>Primatelji osobnih podataka<\/b><\/p>\n<p class=\"p1\">Va\u0161e podatke nikada ne\u0107emo proslijediti tre\u0107im osobama.<\/p>\n<p class=\"p1\"><b>Prava korisnika<\/b><\/p>\n<p class=\"p1\">a) Pravo na ispravak:<\/p>\n<p class=\"p1\">Ako obra\u0111ujemo Va\u0161e osobne podatke koji su nepotpuni ili neto\u010dni, u bilo kojem trenutku od nas mo\u017eete zatra\u017eiti da ih ispravimo ili dopunimo.<\/p>\n<p class=\"p1\">b) Pravo na pristup:<\/p>\n<p class=\"p1\">Imate pravo dobiti potvrdu o tome obra\u0111ujemo li Va\u0161e osobne podatke ili ne, i tamo gdje je to slu\u010daj imate pod uvjetima iz \u010dl. 15. Op\u0107e Uredbe o za\u0161titi podataka zatra\u017eiti pristup tim podacima.<\/p>\n<p class=\"p1\">c) Pravo na brisanje:<\/p>\n<p class=\"p1\">Od nas mo\u017eete zatra\u017eiti brisanje svojih osobnih podataka ako smo ih obra\u0111ivali protupravno ili ta obrada predstavlja nerazmjerno zadiranje u Va\u0161e za\u0161ti\u0107ene interese.<span class=\"Apple-converted-space\">\u00a0<\/span><\/p>\n<p class=\"p1\">d) Pravo na pritu\u017ebu:<\/p>\n<p class=\"p1\">Ako ste mi\u0161ljenja da smo prilikom obrade Va\u0161ih podataka prekr\u0161ili hrvatske ili europske propise o za\u0161titi podataka, molimo da nam se obratite kako bismo razjasnili eventualna pitanja. Svakako imate pravo ulo\u017eiti pritu\u017ebu nadle\u017enom nadzornom tijelu.<\/p>\t\t\t\t\t\t\t\t<\/div>\n\t\t\t\t<\/div>\n\t\t\t\t\t<\/div>\n\t\t<\/div>\n\t\t\t\t\t<\/div>\n\t\t<\/section>\n\t\t\t\t<section class=\"elementor-section elementor-top-section elementor-element elementor-element-7ce884fa elementor-section-boxed elementor-section-height-default elementor-section-height-default\" data-id=\"7ce884fa\" data-element_type=\"section\" data-e-type=\"section\" data-settings=\"{&quot;background_background&quot;:&quot;gradient&quot;,&quot;shape_divider_top&quot;:&quot;waves&quot;,&quot;shape_divider_top_negative&quot;:&quot;yes&quot;}\">\n\t\t\t\t\t<div class=\"elementor-shape elementor-shape-top\" aria-hidden=\"true\" data-negative=\"true\">\n\t\t\t<svg xmlns=\"http:\/\/www.w3.org\/2000\/svg\" viewBox=\"0 0 1000 100\" preserveAspectRatio=\"none\">\n\t<path class=\"elementor-shape-fill\" d=\"M790.5,93.1c-59.3-5.3-116.8-18-192.6-50c-29.6-12.7-76.9-31-100.5-35.9c-23.6-4.9-52.6-7.8-75.5-5.3\n\tc-10.2,1.1-22.6,1.4-50.1,7.4c-27.2,6.3-58.2,16.6-79.4,24.7c-41.3,15.9-94.9,21.9-134,22.6C72,58.2,0,25.8,0,25.8V100h1000V65.3\n\tc0,0-51.5,19.4-106.2,25.7C839.5,97,814.1,95.2,790.5,93.1z\"\/>\n<\/svg>\t\t<\/div>\n\t\t\t\t\t<div class=\"elementor-container elementor-column-gap-default\">\n\t\t\t\t\t<div class=\"elementor-column elementor-col-100 elementor-top-column elementor-element elementor-element-5f7133b2\" data-id=\"5f7133b2\" data-element_type=\"column\" data-e-type=\"column\">\n\t\t\t<div class=\"elementor-widget-wrap elementor-element-populated\">\n\t\t\t\t\t\t<div class=\"elementor-element elementor-element-35625233 elementor-widget elementor-widget-heading\" data-id=\"35625233\" data-element_type=\"widget\" data-e-type=\"widget\" data-widget_type=\"heading.default\">\n\t\t\t\t<div class=\"elementor-widget-container\">\n\t\t\t\t\t<h4 class=\"elementor-heading-title elementor-size-default\">Elektrostimulacija ja\u010da zdrave mi\u0161i\u0107e, time se zate\u017ee ko\u017ea iznad njih te se prirodnim putem posti\u017ee savr\u0161en mladoliki izgled.<\/h4>\t\t\t\t<\/div>\n\t\t\t\t<\/div>\n\t\t\t\t<div class=\"elementor-element elementor-element-51c7cb60 elementor-widget elementor-widget-heading\" data-id=\"51c7cb60\" data-element_type=\"widget\" data-e-type=\"widget\" data-widget_type=\"heading.default\">\n\t\t\t\t<div class=\"elementor-widget-container\">\n\t\t\t\t\t<h4 class=\"elementor-heading-title elementor-size-default\">Zaka\u017eite svoj termin ve\u0107 danas!<\/h4>\t\t\t\t<\/div>\n\t\t\t\t<\/div>\n\t\t\t\t<div class=\"elementor-element elementor-element-1b6559c8 elementor-align-center elementor-widget elementor-widget-button\" data-id=\"1b6559c8\" data-element_type=\"widget\" data-e-type=\"widget\" data-widget_type=\"button.default\">\n\t\t\t\t<div class=\"elementor-widget-container\">\n\t\t\t\t\t\t\t\t\t<div class=\"elementor-button-wrapper\">\n\t\t\t\t\t<a class=\"elementor-button elementor-button-link elementor-size-sm\" href=\"https:\/\/ionicvisage.com\/kontakt\/\">\n\t\t\t\t\t\t<span class=\"elementor-button-content-wrapper\">\n\t\t\t\t\t\t\t\t\t<span class=\"elementor-button-text\">Kontaktirajte nas<\/span>\n\t\t\t\t\t<\/span>\n\t\t\t\t\t<\/a>\n\t\t\t\t<\/div>\n\t\t\t\t\t\t\t\t<\/div>\n\t\t\t\t<\/div>\n\t\t\t\t\t<\/div>\n\t\t<\/div>\n\t\t\t\t\t<\/div>\n\t\t<\/section>\n\t\t\t\t<\/div>\n\t\t","protected":false},"excerpt":{"rendered":"<p>Ionic Visage\u2122 Kraljev govor j.d.o.o., Bistranska 15a, 10000 Zagreb, OIB: 03199536204, sukladno odredbama \u010dl. 7. Zakona o za\u0161titi osobnih podataka (Narodne novine, br. 106\/12. \u2013 pro\u010di\u0161\u0107eni tekst) te odredbama \u010dl. 7. Uredbe (EU) 2016\/679 Europskog Parlamenta i Vije\u0107a od 27. travnja 2016. o za\u0161titi pojedinaca u vezi s obradom osobnih podataka i o slobodnom kretanju [&hellip;]<\/p>\n","protected":false},"author":1,"featured_media":0,"parent":0,"menu_order":0,"comment_status":"closed","ping_status":"closed","template":"","meta":{"footnotes":""},"class_list":["post-3","page","type-page","status-publish","hentry"],"_links":{"self":[{"href":"https:\/\/ionicvisage.com\/hr\/wp-json\/wp\/v2\/pages\/3","targetHints":{"allow":["GET"]}}],"collection":[{"href":"https:\/\/ionicvisage.com\/hr\/wp-json\/wp\/v2\/pages"}],"about":[{"href":"https:\/\/ionicvisage.com\/hr\/wp-json\/wp\/v2\/types\/page"}],"author":[{"embeddable":true,"href":"https:\/\/ionicvisage.com\/hr\/wp-json\/wp\/v2\/users\/1"}],"replies":[{"embeddable":true,"href":"https:\/\/ionicvisage.com\/hr\/wp-json\/wp\/v2\/comments?post=3"}],"version-history":[{"count":9,"href":"https:\/\/ionicvisage.com\/hr\/wp-json\/wp\/v2\/pages\/3\/revisions"}],"predecessor-version":[{"id":963,"href":"https:\/\/ionicvisage.com\/hr\/wp-json\/wp\/v2\/pages\/3\/revisions\/963"}],"wp:attachment":[{"href":"https:\/\/ionicvisage.com\/hr\/wp-json\/wp\/v2\/media?parent=3"}],"curies":[{"name":"wp","href":"https:\/\/api.w.org\/{rel}","templated":true}]}}