{"id":55,"date":"2022-09-04T07:59:12","date_gmt":"2022-09-04T07:59:12","guid":{"rendered":"https:\/\/ionicvisage.com\/?page_id=55"},"modified":"2025-10-29T09:38:08","modified_gmt":"2025-10-29T09:38:08","slug":"dr-sc-bozidar-ferek-petric","status":"publish","type":"page","link":"https:\/\/ionicvisage.com\/hr\/dr-sc-bozidar-ferek-petric\/","title":{"rendered":"dr.sc. Bo\u017eidar Ferek-Petri\u0107"},"content":{"rendered":"\t\t<div data-elementor-type=\"wp-page\" data-elementor-id=\"55\" class=\"elementor elementor-55\">\n\t\t\t\t\t\t<section class=\"elementor-section elementor-top-section elementor-element elementor-element-26d7302b elementor-section-height-min-height elementor-section-items-stretch elementor-section-content-middle elementor-section-boxed elementor-section-height-default\" data-id=\"26d7302b\" data-element_type=\"section\" data-e-type=\"section\" data-settings=\"{&quot;background_background&quot;:&quot;classic&quot;,&quot;shape_divider_bottom&quot;:&quot;waves&quot;,&quot;shape_divider_bottom_negative&quot;:&quot;yes&quot;}\">\n\t\t\t\t\t\t\t<div class=\"elementor-background-overlay\"><\/div>\n\t\t\t\t\t\t<div class=\"elementor-shape elementor-shape-bottom\" aria-hidden=\"true\" data-negative=\"true\">\n\t\t\t<svg xmlns=\"http:\/\/www.w3.org\/2000\/svg\" viewBox=\"0 0 1000 100\" preserveAspectRatio=\"none\">\n\t<path class=\"elementor-shape-fill\" d=\"M790.5,93.1c-59.3-5.3-116.8-18-192.6-50c-29.6-12.7-76.9-31-100.5-35.9c-23.6-4.9-52.6-7.8-75.5-5.3\n\tc-10.2,1.1-22.6,1.4-50.1,7.4c-27.2,6.3-58.2,16.6-79.4,24.7c-41.3,15.9-94.9,21.9-134,22.6C72,58.2,0,25.8,0,25.8V100h1000V65.3\n\tc0,0-51.5,19.4-106.2,25.7C839.5,97,814.1,95.2,790.5,93.1z\"\/>\n<\/svg>\t\t<\/div>\n\t\t\t\t\t<div class=\"elementor-container elementor-column-gap-default\">\n\t\t\t\t\t<div class=\"elementor-column elementor-col-100 elementor-top-column elementor-element elementor-element-771fc434\" data-id=\"771fc434\" data-element_type=\"column\" data-e-type=\"column\">\n\t\t\t<div class=\"elementor-widget-wrap elementor-element-populated\">\n\t\t\t\t\t\t<div class=\"elementor-element elementor-element-5f4e3507 elementor-widget elementor-widget-heading\" data-id=\"5f4e3507\" data-element_type=\"widget\" data-e-type=\"widget\" data-widget_type=\"heading.default\">\n\t\t\t\t<div class=\"elementor-widget-container\">\n\t\t\t\t\t<h1 class=\"elementor-heading-title elementor-size-default\">dr. sc. Bo\u017eidar Ferek-Petri\u0107<\/h1>\t\t\t\t<\/div>\n\t\t\t\t<\/div>\n\t\t\t\t<div class=\"elementor-element elementor-element-5f4b289 elementor-widget elementor-widget-heading\" data-id=\"5f4b289\" data-element_type=\"widget\" data-e-type=\"widget\" data-widget_type=\"heading.default\">\n\t\t\t\t<div class=\"elementor-widget-container\">\n\t\t\t\t\t<h5 class=\"elementor-heading-title elementor-size-default\">savjetnik za elektrostimulaciju<\/h5>\t\t\t\t<\/div>\n\t\t\t\t<\/div>\n\t\t\t\t\t<\/div>\n\t\t<\/div>\n\t\t\t\t\t<\/div>\n\t\t<\/section>\n\t\t\t\t<section class=\"elementor-section elementor-top-section elementor-element elementor-element-556ad769 elementor-section-height-min-height elementor-section-items-top elementor-section-boxed elementor-section-height-default\" data-id=\"556ad769\" data-element_type=\"section\" data-e-type=\"section\">\n\t\t\t\t\t\t<div class=\"elementor-container elementor-column-gap-default\">\n\t\t\t\t\t<div class=\"elementor-column elementor-col-33 elementor-top-column elementor-element elementor-element-526fc39\" data-id=\"526fc39\" data-element_type=\"column\" data-e-type=\"column\">\n\t\t\t<div class=\"elementor-widget-wrap elementor-element-populated\">\n\t\t\t\t\t\t<div class=\"elementor-element elementor-element-8669fbb elementor-widget elementor-widget-image\" data-id=\"8669fbb\" data-element_type=\"widget\" data-e-type=\"widget\" data-widget_type=\"image.default\">\n\t\t\t\t<div class=\"elementor-widget-container\">\n\t\t\t\t\t\t\t\t\t\t\t\t\t\t\t<img fetchpriority=\"high\" decoding=\"async\" width=\"626\" height=\"625\" src=\"https:\/\/ionicvisage.com\/wp-content\/uploads\/2022\/09\/Ionic-Bozidar-Test.jpg\" class=\"attachment-full size-full wp-image-174\" alt=\"\" \/>\t\t\t\t\t\t\t\t\t\t\t\t\t\t\t<\/div>\n\t\t\t\t<\/div>\n\t\t\t\t\t<\/div>\n\t\t<\/div>\n\t\t\t\t<div class=\"elementor-column elementor-col-66 elementor-top-column elementor-element elementor-element-57c9bd97\" data-id=\"57c9bd97\" data-element_type=\"column\" data-e-type=\"column\">\n\t\t\t<div class=\"elementor-widget-wrap elementor-element-populated\">\n\t\t\t\t\t\t<div class=\"elementor-element elementor-element-27ecf4b2 elementor-widget elementor-widget-text-editor\" data-id=\"27ecf4b2\" data-element_type=\"widget\" data-e-type=\"widget\" data-widget_type=\"text-editor.default\">\n\t\t\t\t<div class=\"elementor-widget-container\">\n\t\t\t\t\t\t\t\t\t<p>dr.sc. Ferek-Petri\u0107 je biomedicinski in\u017eenjer s 45 godine klini\u010dkog iskustva i svjetski priznati stru\u010dnjak za elektrostimulaciju. Od 1980 do 1997 bija\u0161e zaposlenik Klinike za kirurgiju KBC Rebro gdje 1981 godine uvodi elektroni\u010dku kontrolu elektrostimulatora srca.\u00a0<\/p><p>1985. godine je dobio dr\u017eavnu nagradu za znanstveni rad Nikola Tesla. Od 1997 je zaposlenik tvrtke Medtronic, danas u funkciji glavnog specijaliste za edukaciju Medtronic Africa, Central &amp; Eastern Europe. Autor je 42 publicirana ameri\u010dka patenta iz podru\u010dja elektrostimulacije. Pogledajte<b> <a href=\"http:\/\/www.dziv.hr\/hr\/novosti\/kratki-film-25-godina-dziv-a,459.html\" target=\"_blank\" rel=\"noopener\">dokumentarni film<\/a><\/b> snimljen povodom godi\u0161njice Zavoda za intelektualno vlasni\u0161tvo.<\/p><p>Prema<b> <a href=\"https:\/\/scholar.google.com\/citations?hl=hr&amp;user=MNnDojsAAAAJ\" target=\"_blank\" rel=\"noopener\">Google Znalcu<\/a> <\/b>citiran je preko 7000 puta te je jedan od najcitiranijih hrvatskih znanstvenika. Predava\u010d je na doktorskom studiju Medicinskog fakulteta Sveu\u010dili\u0161ta u Zagrebu. <a href=\"https:\/\/www.fer.unizg.hr\/novosti\/novosti?fbclid=IwY2xjawNq9TRleHRuA2FlbQIxMQABHr1M5HzK5xbk01hY4cYoI8sr0hwdDcgVfLgbwNyHJ6C47qEXsnnKU38ECCdo_aem_AxZ5xkdT7eP6rrRjHKu1Dg&amp;@=31l7z\" target=\"_blank\" rel=\"noopener\">Pogledajte najavu FER-a.<\/a><\/p><p>U ulozi savjetnika centra Ionic Visage omogu\u0107uje primjenu jedinstvenih najnovijih tehnologija koje ne posjeduje niti jedan drugi studio za ljepotu<\/p>\t\t\t\t\t\t\t\t<\/div>\n\t\t\t\t<\/div>\n\t\t\t\t\t<\/div>\n\t\t<\/div>\n\t\t\t\t\t<\/div>\n\t\t<\/section>\n\t\t\t\t<section class=\"elementor-section elementor-top-section elementor-element elementor-element-7fc8bc8c elementor-section-boxed elementor-section-height-default elementor-section-height-default\" data-id=\"7fc8bc8c\" data-element_type=\"section\" data-e-type=\"section\" data-settings=\"{&quot;background_background&quot;:&quot;gradient&quot;,&quot;shape_divider_top&quot;:&quot;waves&quot;,&quot;shape_divider_top_negative&quot;:&quot;yes&quot;}\">\n\t\t\t\t\t<div class=\"elementor-shape elementor-shape-top\" aria-hidden=\"true\" data-negative=\"true\">\n\t\t\t<svg xmlns=\"http:\/\/www.w3.org\/2000\/svg\" viewBox=\"0 0 1000 100\" preserveAspectRatio=\"none\">\n\t<path class=\"elementor-shape-fill\" d=\"M790.5,93.1c-59.3-5.3-116.8-18-192.6-50c-29.6-12.7-76.9-31-100.5-35.9c-23.6-4.9-52.6-7.8-75.5-5.3\n\tc-10.2,1.1-22.6,1.4-50.1,7.4c-27.2,6.3-58.2,16.6-79.4,24.7c-41.3,15.9-94.9,21.9-134,22.6C72,58.2,0,25.8,0,25.8V100h1000V65.3\n\tc0,0-51.5,19.4-106.2,25.7C839.5,97,814.1,95.2,790.5,93.1z\"\/>\n<\/svg>\t\t<\/div>\n\t\t\t\t\t<div class=\"elementor-container elementor-column-gap-default\">\n\t\t\t\t\t<div class=\"elementor-column elementor-col-100 elementor-top-column elementor-element elementor-element-ceb1782\" data-id=\"ceb1782\" data-element_type=\"column\" data-e-type=\"column\">\n\t\t\t<div class=\"elementor-widget-wrap elementor-element-populated\">\n\t\t\t\t\t\t<div class=\"elementor-element elementor-element-6af6f992 elementor-widget elementor-widget-heading\" data-id=\"6af6f992\" data-element_type=\"widget\" data-e-type=\"widget\" data-widget_type=\"heading.default\">\n\t\t\t\t<div class=\"elementor-widget-container\">\n\t\t\t\t\t<h4 class=\"elementor-heading-title elementor-size-default\">Elektrostimulacija ja\u010da zdrave mi\u0161i\u0107e, time se zate\u017ee ko\u017ea iznad njih te se prirodnim putem posti\u017ee savr\u0161en mladoliki izgled.<\/h4>\t\t\t\t<\/div>\n\t\t\t\t<\/div>\n\t\t\t\t<div class=\"elementor-element elementor-element-39636b46 elementor-widget elementor-widget-heading\" data-id=\"39636b46\" data-element_type=\"widget\" data-e-type=\"widget\" data-widget_type=\"heading.default\">\n\t\t\t\t<div class=\"elementor-widget-container\">\n\t\t\t\t\t<h4 class=\"elementor-heading-title elementor-size-default\">Zaka\u017eite svoj termin ve\u0107 danas!<\/h4>\t\t\t\t<\/div>\n\t\t\t\t<\/div>\n\t\t\t\t<div class=\"elementor-element elementor-element-fb7512e elementor-align-center elementor-widget elementor-widget-button\" data-id=\"fb7512e\" data-element_type=\"widget\" data-e-type=\"widget\" data-widget_type=\"button.default\">\n\t\t\t\t<div class=\"elementor-widget-container\">\n\t\t\t\t\t\t\t\t\t<div class=\"elementor-button-wrapper\">\n\t\t\t\t\t<a class=\"elementor-button elementor-button-link elementor-size-sm\" href=\"https:\/\/ionicvisage.com\/kontakt\/\">\n\t\t\t\t\t\t<span class=\"elementor-button-content-wrapper\">\n\t\t\t\t\t\t\t\t\t<span class=\"elementor-button-text\">Kontaktirajte nas<\/span>\n\t\t\t\t\t<\/span>\n\t\t\t\t\t<\/a>\n\t\t\t\t<\/div>\n\t\t\t\t\t\t\t\t<\/div>\n\t\t\t\t<\/div>\n\t\t\t\t\t<\/div>\n\t\t<\/div>\n\t\t\t\t\t<\/div>\n\t\t<\/section>\n\t\t\t\t<\/div>\n\t\t","protected":false},"excerpt":{"rendered":"<p>dr. sc. Bo\u017eidar Ferek-Petri\u0107 savjetnik za elektrostimulaciju dr.sc. Ferek-Petri\u0107 je biomedicinski in\u017eenjer s 45 godine klini\u010dkog iskustva i svjetski priznati stru\u010dnjak za elektrostimulaciju. Od 1980 do 1997 bija\u0161e zaposlenik Klinike za kirurgiju KBC Rebro gdje 1981 godine uvodi elektroni\u010dku kontrolu elektrostimulatora srca.\u00a0 1985. godine je dobio dr\u017eavnu nagradu za znanstveni rad Nikola Tesla. Od 1997 [&hellip;]<\/p>\n","protected":false},"author":1,"featured_media":0,"parent":0,"menu_order":0,"comment_status":"closed","ping_status":"closed","template":"","meta":{"footnotes":""},"class_list":["post-55","page","type-page","status-publish","hentry"],"_links":{"self":[{"href":"https:\/\/ionicvisage.com\/hr\/wp-json\/wp\/v2\/pages\/55","targetHints":{"allow":["GET"]}}],"collection":[{"href":"https:\/\/ionicvisage.com\/hr\/wp-json\/wp\/v2\/pages"}],"about":[{"href":"https:\/\/ionicvisage.com\/hr\/wp-json\/wp\/v2\/types\/page"}],"author":[{"embeddable":true,"href":"https:\/\/ionicvisage.com\/hr\/wp-json\/wp\/v2\/users\/1"}],"replies":[{"embeddable":true,"href":"https:\/\/ionicvisage.com\/hr\/wp-json\/wp\/v2\/comments?post=55"}],"version-history":[{"count":64,"href":"https:\/\/ionicvisage.com\/hr\/wp-json\/wp\/v2\/pages\/55\/revisions"}],"predecessor-version":[{"id":1185,"href":"https:\/\/ionicvisage.com\/hr\/wp-json\/wp\/v2\/pages\/55\/revisions\/1185"}],"wp:attachment":[{"href":"https:\/\/ionicvisage.com\/hr\/wp-json\/wp\/v2\/media?parent=55"}],"curies":[{"name":"wp","href":"https:\/\/api.w.org\/{rel}","templated":true}]}}