{"id":3,"date":"2022-08-24T19:36:32","date_gmt":"2022-08-24T19:36:32","guid":{"rendered":"http:\/\/ionicvisage.com\/?page_id=3"},"modified":"2024-03-17T21:43:25","modified_gmt":"2024-03-17T21:43:25","slug":"pravila-privatnosti","status":"publish","type":"page","link":"https:\/\/ionicvisage.com\/si\/pravila-privatnosti\/","title":{"rendered":"Politika zasebnosti"},"content":{"rendered":"<div data-elementor-type=\"wp-page\" data-elementor-id=\"3\" class=\"elementor elementor-3\">\n\t\t\t\t\t\t<section class=\"elementor-section elementor-top-section elementor-element elementor-element-499029fe elementor-section-height-min-height elementor-section-items-stretch elementor-section-content-middle elementor-section-boxed elementor-section-height-default\" data-id=\"499029fe\" data-element_type=\"section\" data-e-type=\"section\" data-settings=\"{&quot;background_background&quot;:&quot;classic&quot;,&quot;shape_divider_bottom&quot;:&quot;waves&quot;,&quot;shape_divider_bottom_negative&quot;:&quot;yes&quot;}\">\n\t\t\t\t\t\t\t<div class=\"elementor-background-overlay\"><\/div>\n\t\t\t\t\t\t<div class=\"elementor-shape elementor-shape-bottom\" aria-hidden=\"true\" data-negative=\"true\">\n\t\t\t<svg xmlns=\"http:\/\/www.w3.org\/2000\/svg\" viewbox=\"0 0 1000 100\" preserveaspectratio=\"none\">\n\t<path class=\"elementor-shape-fill\" d=\"M790.5,93.1c-59.3-5.3-116.8-18-192.6-50c-29.6-12.7-76.9-31-100.5-35.9c-23.6-4.9-52.6-7.8-75.5-5.3\tc-10.2,1.1-22.6,1.4-50.1,7.4c-27.2,6.3-58.2,16.6-79.4,24.7c-41.3,15.9-94.9,21.9-134,22.6C72,58.2,0,25.8,0,25.8V100h1000V65.3\tc0,0-51.5,19.4-106.2,25.7C839.5,97,814.1,95.2,790.5,93.1z\"\/>\n<\/svg>\t\t<\/div>\n\t\t\t\t\t<div class=\"elementor-container elementor-column-gap-default\">\n\t\t\t\t\t<div class=\"elementor-column elementor-col-100 elementor-top-column elementor-element elementor-element-47257c6b\" data-id=\"47257c6b\" data-element_type=\"column\" data-e-type=\"column\">\n\t\t\t<div class=\"elementor-widget-wrap elementor-element-populated\">\n\t\t\t\t\t\t<div class=\"elementor-element elementor-element-fa28d69 elementor-widget elementor-widget-heading\" data-id=\"fa28d69\" data-element_type=\"widget\" data-e-type=\"widget\" data-widget_type=\"heading.default\">\n\t\t\t\t<div class=\"elementor-widget-container\">\n\t\t\t\t\t<h1 class=\"elementor-heading-title elementor-size-default\">Ionic Visage\u2122<\/h1>\t\t\t\t<\/div>\n\t\t\t\t<\/div>\n\t\t\t\t\t<\/div>\n\t\t<\/div>\n\t\t\t\t\t<\/div>\n\t\t<\/section>\n\t\t\t\t<section class=\"elementor-section elementor-top-section elementor-element elementor-element-5b8d69cf elementor-section-height-min-height elementor-section-boxed elementor-section-height-default elementor-section-items-middle\" data-id=\"5b8d69cf\" data-element_type=\"section\" data-e-type=\"section\">\n\t\t\t\t\t\t<div class=\"elementor-container elementor-column-gap-default\">\n\t\t\t\t\t<div class=\"elementor-column elementor-col-100 elementor-top-column elementor-element elementor-element-75a14114\" data-id=\"75a14114\" data-element_type=\"column\" data-e-type=\"column\">\n\t\t\t<div class=\"elementor-widget-wrap elementor-element-populated\">\n\t\t\t\t\t\t<div class=\"elementor-element elementor-element-51601692 elementor-widget elementor-widget-text-editor\" data-id=\"51601692\" data-element_type=\"widget\" data-e-type=\"widget\" data-widget_type=\"text-editor.default\">\n\t\t\t\t<div class=\"elementor-widget-container\">\n\t\t\t\t\t\t\t\t\t<p class=\"p1\">Kraljev govor j.d.o.o. podru\u017enica Ljubljana, Center Ledina, Kotnikova 5, 1000 Ljubljana, v skladu z dolo\u010dili Zakona o varstvu osebnih podatkov (Uradni list RS, \u0161t. 94\/07 - uradno pre\u010di\u0161\u010deno besedilo - pre\u010di\u0161\u010deno besedilo) in dolo\u010dili 7. \u010dlena Uredbe (EU) 2016\/679 Evropskega parlamenta in Sveta z dne 27. aprila 2016 o varstvu posameznikov v zvezi z obdelavo osebnih podatkov in o prostem pretoku takih podatkov ter o razveljavitvi Direktive 95\/46\/ES (Splo\u0161na uredba o varstvu podatkov) obve\u0161\u010da vse uporabnike na\u0161ih storitev, da v zvezi z obdelavo osebnih podatkov sprejema<\/p>\n<p class=\"p1\"><b>Izjavo o zasebnosti<\/b><\/p>\n<p class=\"p1\"><b>Velja od maja 2018.<\/b><\/p>\n<p class=\"p1\">Z uporabo storitev v na\u0161em studiu Ionic Visage za elektrostimulacijo obraza nam zaupate svoje podatke. S to izjavo vas seznanjamo, katere va\u0161e osebne podatke zbiramo, kako jih obdelujemo in za kak\u0161ne namene jih uporabljamo ter z va\u0161imi pravicami v zvezi z va\u0161imi podatki.<span class=\"Apple-converted-space\">\u00a0 <\/span>nam svoje podatke. Ovom izjavom Vas informiramo koje Va\u0161e osobne podatke prikupljamo, na koji ih na\u010din obra\u0111ujemo te u koje ih svrhe upotrebljavamo, kao i Va\u0161a prava povezana s Va\u0161im podacima.<\/p>\n<p class=\"p1\">Vse zahteve v zvezi z va\u0161imi osebnimi podatki posredujte na elektronski naslov: \ninfo@ionicvisage.com ali po po\u0161ti na naslov Ionic Visage, Center Ledina p.p.20, Kotnikova 5, 1000 Ljubljana.<\/p>\n<p class=\"p1\"><b>Vrste osebnih podatkov<\/b><\/p>\n<p class=\"p1\">Uporabljamo naslednje osebne podatke:<\/p>\n<p class=\"p1\">a) Va\u0161e osnovne osebne podatke:<\/p>\n<p class=\"p1\">ime in priimek, starost in spol<\/p>\n<p class=\"p1\">b) osebne podatke v zvezi s pla\u010dilom storitve:<\/p>\n<p class=\"p1\">- podatke o Va\u0161em ban\u010dnem ra\u010dunu, \u010de pla\u010dujete z virmanom ali ban\u010dno kartico<\/p>\n<p class=\"p1\">- podatke o Va\u0161i kreditni kartici, \u010de pla\u010date s kreditno kartico<\/p>\n<p class=\"p1\">- podatke o podjetju, \u010de za na\u0161o storitev potrebujete originalni ra\u010dun.<\/p>\n<p class=\"p1\">c) kontaktne podatke<\/p>\n<p class=\"p1\">Kontakt poteka predvsem preko kontaktnega obrazca na na\u0161i spletni strani, mo\u017een pa je tudi po elektronski po\u0161ti in po telefonu z namenom dogovora in naro\u010danja termina.<span class=\"Apple-converted-space\">\u00a0<\/span><\/p>\n<p class=\"p1\"><b>Prejemniki osebnih podatkov<\/b><\/p>\n<p class=\"p1\">Va\u0161ih podatkov ne bomo nikoli posredovali tretjim osebam.<\/p>\n<p class=\"p1\"><b>Pravice uporabnika<\/b><\/p>\n<p class=\"p1\">a) Pravica do popravka:<\/p>\n<p class=\"p1\">\u010ce obdelujemo va\u0161e osebne podatke, ki so nepopolni ali nepravilni, se lahko kadarkoli obrnete na nas in zahtevate, da jih popravimo ali dopolnimo.<\/p>\n<p class=\"p1\">b) Pravica dostopa:<\/p>\n<p class=\"p1\">Pravico imate dobiti potrditev, ali obdelujemo Va\u0161e osebne podatke ali ne, in kadar je temu tako, imate pod pogoji iz 15. \u010dl. Splo\u0161ne uredbe o varstvu podatkov pravico zahtevati dostop do teh podatkov.<\/p>\n<p class=\"p1\">c) Pravica do izbrisa:<\/p>\n<p class=\"p1\">Od nas lahko zahtevate izbris svojih osebnih podatkov, \u010de smo jih obdelali nezakonito ili ta obdelava pomeni nesorazmerno poseganje v Va\u0161e varovane interese.<span class=\"Apple-converted-space\">\u00a0<\/span><\/p>\n<p class=\"p1\">d) Pravica do vlo\u017eitve prito\u017ebe:<\/p>\n<p class=\"p1\">\u010ce menite, da smo pri obdelavi va\u0161ih podatkov kr\u0161ili hrva\u0161ke ali evropske predpise o varstvu podatkov, se obrnite na nas za razjasnitev morebitnih vpra\u0161anj. Vsekakor imate pravico do vlo\u017eitve prito\u017ebe pri nadzornem organu.<\/p>\t\t\t\t\t\t\t\t<\/div>\n\t\t\t\t<\/div>\n\t\t\t\t\t<\/div>\n\t\t<\/div>\n\t\t\t\t\t<\/div>\n\t\t<\/section>\n\t\t\t\t<section class=\"elementor-section elementor-top-section elementor-element elementor-element-7ce884fa elementor-section-boxed elementor-section-height-default elementor-section-height-default\" data-id=\"7ce884fa\" data-element_type=\"section\" data-e-type=\"section\" data-settings=\"{&quot;background_background&quot;:&quot;gradient&quot;,&quot;shape_divider_top&quot;:&quot;waves&quot;,&quot;shape_divider_top_negative&quot;:&quot;yes&quot;}\">\n\t\t\t\t\t<div class=\"elementor-shape elementor-shape-top\" aria-hidden=\"true\" data-negative=\"true\">\n\t\t\t<svg xmlns=\"http:\/\/www.w3.org\/2000\/svg\" viewbox=\"0 0 1000 100\" preserveaspectratio=\"none\">\n\t<path class=\"elementor-shape-fill\" d=\"M790.5,93.1c-59.3-5.3-116.8-18-192.6-50c-29.6-12.7-76.9-31-100.5-35.9c-23.6-4.9-52.6-7.8-75.5-5.3\tc-10.2,1.1-22.6,1.4-50.1,7.4c-27.2,6.3-58.2,16.6-79.4,24.7c-41.3,15.9-94.9,21.9-134,22.6C72,58.2,0,25.8,0,25.8V100h1000V65.3\tc0,0-51.5,19.4-106.2,25.7C839.5,97,814.1,95.2,790.5,93.1z\"\/>\n<\/svg>\t\t<\/div>\n\t\t\t\t\t<div class=\"elementor-container elementor-column-gap-default\">\n\t\t\t\t\t<div class=\"elementor-column elementor-col-100 elementor-top-column elementor-element elementor-element-5f7133b2\" data-id=\"5f7133b2\" data-element_type=\"column\" data-e-type=\"column\">\n\t\t\t<div class=\"elementor-widget-wrap elementor-element-populated\">\n\t\t\t\t\t\t<div class=\"elementor-element elementor-element-35625233 elementor-widget elementor-widget-heading\" data-id=\"35625233\" data-element_type=\"widget\" data-e-type=\"widget\" data-widget_type=\"heading.default\">\n\t\t\t\t<div class=\"elementor-widget-container\">\n\t\t\t\t\t<h4 class=\"elementor-heading-title elementor-size-default\">Z elektrostimulacijo krepimo zdrave mi\u0161ice, s tem napnemo ko\u017eo nad njimi in po naravni poti dose\u017eemo popoln mladosten videz.<\/h4>\t\t\t\t<\/div>\n\t\t\t\t<\/div>\n\t\t\t\t<div class=\"elementor-element elementor-element-51c7cb60 elementor-widget elementor-widget-heading\" data-id=\"51c7cb60\" data-element_type=\"widget\" data-e-type=\"widget\" data-widget_type=\"heading.default\">\n\t\t\t\t<div class=\"elementor-widget-container\">\n\t\t\t\t\t<h4 class=\"elementor-heading-title elementor-size-default\">Rezervirajte si svoj termin \u0161e danes!<\/h4>\t\t\t\t<\/div>\n\t\t\t\t<\/div>\n\t\t\t\t<div class=\"elementor-element elementor-element-1b6559c8 elementor-align-center elementor-widget elementor-widget-button\" data-id=\"1b6559c8\" data-element_type=\"widget\" data-e-type=\"widget\" data-widget_type=\"button.default\">\n\t\t\t\t<div class=\"elementor-widget-container\">\n\t\t\t\t\t\t\t\t\t<div class=\"elementor-button-wrapper\">\n\t\t\t\t\t<a class=\"elementor-button elementor-button-link elementor-size-sm\" href=\"https:\/\/ionicvisage.com\/si\/kontakt\/\">\n\t\t\t\t\t\t<span class=\"elementor-button-content-wrapper\">\n\t\t\t\t\t\t\t\t\t<span class=\"elementor-button-text\">Kontaktiraj nas<\/span>\n\t\t\t\t\t<\/span>\n\t\t\t\t\t<\/a>\n\t\t\t\t<\/div>\n\t\t\t\t\t\t\t\t<\/div>\n\t\t\t\t<\/div>\n\t\t\t\t\t<\/div>\n\t\t<\/div>\n\t\t\t\t\t<\/div>\n\t\t<\/section>\n\t\t\t\t<\/div>","protected":false},"excerpt":{"rendered":"<p>Ionic Visage\u2122 Kraljev govor j.d.o.o., Bistranska 15a, 10000 Zagreb, OIB: 03199536204, sukladno odredbama \u010dl. 7. Zakona o za\u0161titi osobnih podataka (Narodne novine, br. 106\/12. \u2013 pro\u010di\u0161\u0107eni tekst) te odredbama \u010dl. 7. Uredbe (EU) 2016\/679 Europskog Parlamenta i Vije\u0107a od 27. travnja 2016. o za\u0161titi pojedinaca u vezi s obradom osobnih podataka i o slobodnom kretanju [&hellip;]<\/p>","protected":false},"author":1,"featured_media":0,"parent":0,"menu_order":0,"comment_status":"closed","ping_status":"closed","template":"","meta":{"footnotes":""},"class_list":["post-3","page","type-page","status-publish","hentry"],"_links":{"self":[{"href":"https:\/\/ionicvisage.com\/si\/wp-json\/wp\/v2\/pages\/3","targetHints":{"allow":["GET"]}}],"collection":[{"href":"https:\/\/ionicvisage.com\/si\/wp-json\/wp\/v2\/pages"}],"about":[{"href":"https:\/\/ionicvisage.com\/si\/wp-json\/wp\/v2\/types\/page"}],"author":[{"embeddable":true,"href":"https:\/\/ionicvisage.com\/si\/wp-json\/wp\/v2\/users\/1"}],"replies":[{"embeddable":true,"href":"https:\/\/ionicvisage.com\/si\/wp-json\/wp\/v2\/comments?post=3"}],"version-history":[{"count":9,"href":"https:\/\/ionicvisage.com\/si\/wp-json\/wp\/v2\/pages\/3\/revisions"}],"predecessor-version":[{"id":963,"href":"https:\/\/ionicvisage.com\/si\/wp-json\/wp\/v2\/pages\/3\/revisions\/963"}],"wp:attachment":[{"href":"https:\/\/ionicvisage.com\/si\/wp-json\/wp\/v2\/media?parent=3"}],"curies":[{"name":"wp","href":"https:\/\/api.w.org\/{rel}","templated":true}]}}